{"id":3,"date":"2022-04-01T08:50:15","date_gmt":"2022-04-01T08:50:15","guid":{"rendered":"https:\/\/modtel.wpengine.com\/?page_id=3"},"modified":"2025-01-08T12:12:56","modified_gmt":"2025-01-08T17:12:56","slug":"privacy-policy","status":"publish","type":"page","link":"https:\/\/dcadatravel.com\/en\/privacy-policy\/","title":{"rendered":"Privacy Policy"},"content":{"rendered":"<h2 class=\"wp-block-heading\">Quienes somos<\/h2>\n\n\n\n<p>Nuestra agencia de viajes se dedica a ofrecer experiencias \u00fanicas y personalizadas para cada tipo de viajero, brindando una atenci\u00f3n cercana y profesional, nos especializamos en organizar viajes a destinos nacionales e internacionales.<\/p>\n\n\n\n<h2 class=\"wp-block-heading\">Comentarios<\/h2>\n\n\n\n<p>Cuando los visitantes dejan comentarios en el sitio, recopilamos los datos que se muestran en el formulario de comentarios, as\u00ed como la direcci\u00f3n IP del visitante y la cadena del agente de usuario del navegador para ayudar a la detecci\u00f3n de spam.<\/p>\n\n\n\n<p>Se puede proporcionar una cadena an\u00f3nima creada a partir de su direcci\u00f3n de correo electr\u00f3nico (tambi\u00e9n llamada hash) al servicio Gravatar para ver si la est\u00e1 utilizando. La pol\u00edtica de privacidad del servicio Gravatar est\u00e1 disponible aqu\u00ed: https:\/\/automattic.com\/privacy\/. Despu\u00e9s de la aprobaci\u00f3n de su comentario, su foto de perfil es visible para el p\u00fablico en el contexto de su comentario.<\/p>\n\n\n\n<h2 class=\"wp-block-heading\">Cookies<\/h2>\n\n\n\n<p>Si deja un comentario en nuestro sitio, puede optar por guardar su nombre, direcci\u00f3n de correo electr\u00f3nico y sitio web en cookies. Esto es para su conveniencia, para que no tenga que volver a completar sus datos cuando deje otro comentario. Estas cookies durar\u00e1n un a\u00f1o.<\/p>\n\n\n\n<p>Si visita nuestra p\u00e1gina de inicio de sesi\u00f3n, instalaremos una cookie temporal para determinar si su navegador acepta cookies. Esta cookie no contiene datos personales y se descarta cuando cierra su navegador.<\/p>\n\n\n\n<p>Cuando inicia sesi\u00f3n, tambi\u00e9n instalaremos varias cookies para guardar su informaci\u00f3n de inicio de sesi\u00f3n y sus opciones de visualizaci\u00f3n de pantalla. Las cookies de inicio de sesi\u00f3n duran dos d\u00edas y las cookies de opciones de pantalla duran un a\u00f1o. Si selecciona \u00abRecordarme\u00bb, su inicio de sesi\u00f3n persistir\u00e1 durante dos semanas. Si cierra la sesi\u00f3n de su cuenta, se eliminar\u00e1n las cookies de inicio de sesi\u00f3n.<\/p>\n\n\n\n<p>Si edita o publica un art\u00edculo, se guardar\u00e1 una cookie adicional en su navegador. Esta cookie no incluye datos personales y simplemente indica el ID de publicaci\u00f3n del art\u00edculo que acaba de editar. Caduca despu\u00e9s de 1 d\u00eda.<\/p>\n\n\n\n<h2 class=\"wp-block-heading\">Contenido incrustado de otros sitios web<\/h2>\n\n\n\n<p>Los art\u00edculos de este sitio pueden incluir contenido incrustado (por ejemplo, v\u00eddeos, im\u00e1genes, art\u00edculos, etc.). El contenido incrustado de otros sitios web se comporta exactamente de la misma manera que si el visitante hubiera visitado el otro sitio web.<\/p>\n\n\n\n<p>Estos sitios web pueden recopilar datos sobre usted, utilizar cookies, incrustar un seguimiento adicional de terceros y supervisar su interacci\u00f3n con ese contenido incrustado, incluido el seguimiento de su interacci\u00f3n con el contenido incrustado si tiene una cuenta y ha iniciado sesi\u00f3n en ese sitio web.<\/p>\n\n\n\n<h2 class=\"wp-block-heading\">Con qui\u00e9n compartimos tus datos<\/h2>\n\n\n\n<p>Si solicita un restablecimiento de contrase\u00f1a, su direcci\u00f3n IP se incluir\u00e1 en el correo electr\u00f3nico de restablecimiento.<\/p>\n\n\n\n<h2 class=\"wp-block-heading\">Durante cu\u00e1nto tiempo conservamos sus datos<\/h2>\n\n\n\n<p>Si dejas un comentario, el comentario y sus metadatos se conservan indefinidamente. Esto es para que podamos reconocer y aprobar autom\u00e1ticamente cualquier comentario posterior en lugar de mantenerlos en una cola de moderaci\u00f3n.<\/p>\n\n\n\n<p>Para los usuarios que se registran en nuestro sitio web (si los hay), tambi\u00e9n almacenamos la informaci\u00f3n personal que proporcionan en su perfil de usuario. Todos los usuarios pueden ver, editar o eliminar su informaci\u00f3n personal en cualquier momento (excepto que no pueden cambiar su nombre de usuario). Los administradores del sitio web tambi\u00e9n pueden ver y editar esa informaci\u00f3n.<\/p>\n\n\n\n<h2 class=\"wp-block-heading\">Qu\u00e9 derechos tienes sobre tus datos<\/h2>\n\n\n\n<p>Si tienes una cuenta en este sitio o has dejado comentarios, puedes solicitar recibir un archivo exportado de los datos personales que tenemos sobre ti, incluyendo cualquier dato que nos hayas proporcionado. Tambi\u00e9n puedes solicitar que borremos cualquier dato personal que tengamos sobre ti. Esto no incluye ning\u00fan dato que estemos obligados a conservar con fines administrativos, legales o de seguridad.<\/p>\n\n\n\n<h2 class=\"wp-block-heading\">D\u00f3nde enviamos tus datos<\/h2>\n\n\n\n<p>Los comentarios de los visitantes pueden revisarse a trav\u00e9s de un servicio de detecci\u00f3n autom\u00e1tica de spam.<\/p>","protected":false},"excerpt":{"rendered":"<p>Quienes somos Nuestra agencia de viajes se dedica a ofrecer experiencias \u00fanicas y personalizadas para cada tipo de viajero, brindando una atenci\u00f3n cercana y profesional, nos especializamos en organizar viajes a destinos nacionales e internacionales. Comentarios Cuando los visitantes dejan comentarios en el sitio, recopilamos los datos que se muestran en el formulario de comentarios, [&hellip;]<\/p>","protected":false},"author":1,"featured_media":14454,"parent":0,"menu_order":0,"comment_status":"closed","ping_status":"open","template":"","meta":{"footnotes":""},"class_list":["post-3","page","type-page","status-publish","has-post-thumbnail","hentry"],"yoast_head":"<!-- This site is optimized with the Yoast SEO plugin v24.3 - https:\/\/yoast.com\/wordpress\/plugins\/seo\/ -->\n<title>Privacy Policy - D&#039;cada Travel<\/title>\n<meta name=\"description\" content=\"D&#039;cada Travel es una agencia de viajes que se dedica a ofrecer experiencias \u00fanicas y personalizadas para cada tipo de viajero, brindando una atenci\u00f3n cercana y profesional.\" \/>\n<meta name=\"robots\" content=\"index, follow, max-snippet:-1, max-image-preview:large, max-video-preview:-1\" \/>\n<link rel=\"canonical\" href=\"https:\/\/dcadatravel.com\/en\/privacy-policy\/\" \/>\n<meta property=\"og:locale\" content=\"en_US\" \/>\n<meta property=\"og:type\" content=\"article\" \/>\n<meta property=\"og:title\" content=\"Privacy Policy - D&#039;cada Travel\" \/>\n<meta property=\"og:description\" content=\"D&#039;cada Travel es una agencia de viajes que se dedica a ofrecer experiencias \u00fanicas y personalizadas para cada tipo de viajero, brindando una atenci\u00f3n cercana y profesional.\" \/>\n<meta property=\"og:url\" content=\"https:\/\/dcadatravel.com\/en\/privacy-policy\/\" \/>\n<meta property=\"og:site_name\" content=\"D&#039;cada Travel\" \/>\n<meta property=\"article:modified_time\" content=\"2025-01-08T17:12:56+00:00\" \/>\n<meta property=\"og:image\" content=\"https:\/\/dcadatravel.com\/wp-content\/uploads\/2022\/05\/El-Cairo-en-Egipto.jpg\" \/>\n\t<meta property=\"og:image:width\" content=\"1024\" \/>\n\t<meta property=\"og:image:height\" content=\"682\" \/>\n\t<meta property=\"og:image:type\" content=\"image\/jpeg\" \/>\n<meta name=\"twitter:card\" content=\"summary_large_image\" \/>\n<meta name=\"twitter:label1\" content=\"Est. reading time\" \/>\n\t<meta name=\"twitter:data1\" content=\"3 minutes\" \/>\n<script type=\"application\/ld+json\" class=\"yoast-schema-graph\">{\"@context\":\"https:\/\/schema.org\",\"@graph\":[{\"@type\":\"WebPage\",\"@id\":\"https:\/\/dcadatravel.com\/privacy-policy\/\",\"url\":\"https:\/\/dcadatravel.com\/privacy-policy\/\",\"name\":\"Privacy Policy - D&#039;cada Travel\",\"isPartOf\":{\"@id\":\"https:\/\/dcadatravel.com\/#website\"},\"primaryImageOfPage\":{\"@id\":\"https:\/\/dcadatravel.com\/privacy-policy\/#primaryimage\"},\"image\":{\"@id\":\"https:\/\/dcadatravel.com\/privacy-policy\/#primaryimage\"},\"thumbnailUrl\":\"https:\/\/dcadatravel.com\/wp-content\/uploads\/2022\/05\/El-Cairo-en-Egipto.jpg\",\"datePublished\":\"2022-04-01T08:50:15+00:00\",\"dateModified\":\"2025-01-08T17:12:56+00:00\",\"description\":\"D'cada Travel es una agencia de viajes que se dedica a ofrecer experiencias \u00fanicas y personalizadas para cada tipo de viajero, brindando una atenci\u00f3n cercana y profesional.\",\"breadcrumb\":{\"@id\":\"https:\/\/dcadatravel.com\/privacy-policy\/#breadcrumb\"},\"inLanguage\":\"en-US\",\"potentialAction\":[{\"@type\":\"ReadAction\",\"target\":[\"https:\/\/dcadatravel.com\/privacy-policy\/\"]}]},{\"@type\":\"ImageObject\",\"inLanguage\":\"en-US\",\"@id\":\"https:\/\/dcadatravel.com\/privacy-policy\/#primaryimage\",\"url\":\"https:\/\/dcadatravel.com\/wp-content\/uploads\/2022\/05\/El-Cairo-en-Egipto.jpg\",\"contentUrl\":\"https:\/\/dcadatravel.com\/wp-content\/uploads\/2022\/05\/El-Cairo-en-Egipto.jpg\",\"width\":1024,\"height\":682,\"caption\":\"Cairo\"},{\"@type\":\"BreadcrumbList\",\"@id\":\"https:\/\/dcadatravel.com\/privacy-policy\/#breadcrumb\",\"itemListElement\":[{\"@type\":\"ListItem\",\"position\":1,\"name\":\"Home\",\"item\":\"https:\/\/dcadatravel.com\/\"},{\"@type\":\"ListItem\",\"position\":2,\"name\":\"Privacy Policy\"}]},{\"@type\":\"WebSite\",\"@id\":\"https:\/\/dcadatravel.com\/#website\",\"url\":\"https:\/\/dcadatravel.com\/\",\"name\":\"D&#039;cada Travel\",\"description\":\"Viaja sin limites\",\"publisher\":{\"@id\":\"https:\/\/dcadatravel.com\/#organization\"},\"potentialAction\":[{\"@type\":\"SearchAction\",\"target\":{\"@type\":\"EntryPoint\",\"urlTemplate\":\"https:\/\/dcadatravel.com\/?s={search_term_string}\"},\"query-input\":{\"@type\":\"PropertyValueSpecification\",\"valueRequired\":true,\"valueName\":\"search_term_string\"}}],\"inLanguage\":\"en-US\"},{\"@type\":\"Organization\",\"@id\":\"https:\/\/dcadatravel.com\/#organization\",\"name\":\"D Cada Travel\",\"alternateName\":\"D'cada Travel\",\"url\":\"https:\/\/dcadatravel.com\/\",\"logo\":{\"@type\":\"ImageObject\",\"inLanguage\":\"en-US\",\"@id\":\"https:\/\/dcadatravel.com\/#\/schema\/logo\/image\/\",\"url\":\"https:\/\/dcadatravel.com\/wp-content\/uploads\/2022\/04\/logo-dcada-Travel-300x194-1.png\",\"contentUrl\":\"https:\/\/dcadatravel.com\/wp-content\/uploads\/2022\/04\/logo-dcada-Travel-300x194-1.png\",\"width\":300,\"height\":194,\"caption\":\"D Cada Travel\"},\"image\":{\"@id\":\"https:\/\/dcadatravel.com\/#\/schema\/logo\/image\/\"}}]}<\/script>\n<!-- \/ Yoast SEO plugin. -->","yoast_head_json":{"title":"Privacy Policy - D&#039;cada Travel","description":"D'cada Travel es una agencia de viajes que se dedica a ofrecer experiencias \u00fanicas y personalizadas para cada tipo de viajero, brindando una atenci\u00f3n cercana y profesional.","robots":{"index":"index","follow":"follow","max-snippet":"max-snippet:-1","max-image-preview":"max-image-preview:large","max-video-preview":"max-video-preview:-1"},"canonical":"https:\/\/dcadatravel.com\/en\/privacy-policy\/","og_locale":"en_US","og_type":"article","og_title":"Privacy Policy - D&#039;cada Travel","og_description":"D'cada Travel es una agencia de viajes que se dedica a ofrecer experiencias \u00fanicas y personalizadas para cada tipo de viajero, brindando una atenci\u00f3n cercana y profesional.","og_url":"https:\/\/dcadatravel.com\/en\/privacy-policy\/","og_site_name":"D&#039;cada Travel","article_modified_time":"2025-01-08T17:12:56+00:00","og_image":[{"width":1024,"height":682,"url":"https:\/\/dcadatravel.com\/wp-content\/uploads\/2022\/05\/El-Cairo-en-Egipto.jpg","type":"image\/jpeg"}],"twitter_card":"summary_large_image","twitter_misc":{"Est. reading time":"3 minutes"},"schema":{"@context":"https:\/\/schema.org","@graph":[{"@type":"WebPage","@id":"https:\/\/dcadatravel.com\/privacy-policy\/","url":"https:\/\/dcadatravel.com\/privacy-policy\/","name":"Privacy Policy - D&#039;cada Travel","isPartOf":{"@id":"https:\/\/dcadatravel.com\/#website"},"primaryImageOfPage":{"@id":"https:\/\/dcadatravel.com\/privacy-policy\/#primaryimage"},"image":{"@id":"https:\/\/dcadatravel.com\/privacy-policy\/#primaryimage"},"thumbnailUrl":"https:\/\/dcadatravel.com\/wp-content\/uploads\/2022\/05\/El-Cairo-en-Egipto.jpg","datePublished":"2022-04-01T08:50:15+00:00","dateModified":"2025-01-08T17:12:56+00:00","description":"D'cada Travel es una agencia de viajes que se dedica a ofrecer experiencias \u00fanicas y personalizadas para cada tipo de viajero, brindando una atenci\u00f3n cercana y profesional.","breadcrumb":{"@id":"https:\/\/dcadatravel.com\/privacy-policy\/#breadcrumb"},"inLanguage":"en-US","potentialAction":[{"@type":"ReadAction","target":["https:\/\/dcadatravel.com\/privacy-policy\/"]}]},{"@type":"ImageObject","inLanguage":"en-US","@id":"https:\/\/dcadatravel.com\/privacy-policy\/#primaryimage","url":"https:\/\/dcadatravel.com\/wp-content\/uploads\/2022\/05\/El-Cairo-en-Egipto.jpg","contentUrl":"https:\/\/dcadatravel.com\/wp-content\/uploads\/2022\/05\/El-Cairo-en-Egipto.jpg","width":1024,"height":682,"caption":"Cairo"},{"@type":"BreadcrumbList","@id":"https:\/\/dcadatravel.com\/privacy-policy\/#breadcrumb","itemListElement":[{"@type":"ListItem","position":1,"name":"Home","item":"https:\/\/dcadatravel.com\/"},{"@type":"ListItem","position":2,"name":"Privacy Policy"}]},{"@type":"WebSite","@id":"https:\/\/dcadatravel.com\/#website","url":"https:\/\/dcadatravel.com\/","name":"D&#039;cada Travel","description":"Viaja sin limites","publisher":{"@id":"https:\/\/dcadatravel.com\/#organization"},"potentialAction":[{"@type":"SearchAction","target":{"@type":"EntryPoint","urlTemplate":"https:\/\/dcadatravel.com\/?s={search_term_string}"},"query-input":{"@type":"PropertyValueSpecification","valueRequired":true,"valueName":"search_term_string"}}],"inLanguage":"en-US"},{"@type":"Organization","@id":"https:\/\/dcadatravel.com\/#organization","name":"D Cada Travel","alternateName":"D'cada Travel","url":"https:\/\/dcadatravel.com\/","logo":{"@type":"ImageObject","inLanguage":"en-US","@id":"https:\/\/dcadatravel.com\/#\/schema\/logo\/image\/","url":"https:\/\/dcadatravel.com\/wp-content\/uploads\/2022\/04\/logo-dcada-Travel-300x194-1.png","contentUrl":"https:\/\/dcadatravel.com\/wp-content\/uploads\/2022\/04\/logo-dcada-Travel-300x194-1.png","width":300,"height":194,"caption":"D Cada Travel"},"image":{"@id":"https:\/\/dcadatravel.com\/#\/schema\/logo\/image\/"}}]}},"_links":{"self":[{"href":"https:\/\/dcadatravel.com\/en\/wp-json\/wp\/v2\/pages\/3","targetHints":{"allow":["GET"]}}],"collection":[{"href":"https:\/\/dcadatravel.com\/en\/wp-json\/wp\/v2\/pages"}],"about":[{"href":"https:\/\/dcadatravel.com\/en\/wp-json\/wp\/v2\/types\/page"}],"author":[{"embeddable":true,"href":"https:\/\/dcadatravel.com\/en\/wp-json\/wp\/v2\/users\/1"}],"replies":[{"embeddable":true,"href":"https:\/\/dcadatravel.com\/en\/wp-json\/wp\/v2\/comments?post=3"}],"version-history":[{"count":1,"href":"https:\/\/dcadatravel.com\/en\/wp-json\/wp\/v2\/pages\/3\/revisions"}],"predecessor-version":[{"id":15068,"href":"https:\/\/dcadatravel.com\/en\/wp-json\/wp\/v2\/pages\/3\/revisions\/15068"}],"wp:featuredmedia":[{"embeddable":true,"href":"https:\/\/dcadatravel.com\/en\/wp-json\/wp\/v2\/media\/14454"}],"wp:attachment":[{"href":"https:\/\/dcadatravel.com\/en\/wp-json\/wp\/v2\/media?parent=3"}],"curies":[{"name":"wp","href":"https:\/\/api.w.org\/{rel}","templated":true}]}}