{"id":807,"date":"2022-04-16T23:51:28","date_gmt":"2022-04-16T23:51:28","guid":{"rendered":"https:\/\/modmixmap.wpengine.com\/?page_id=807"},"modified":"2025-01-08T19:36:40","modified_gmt":"2025-01-09T00:36:40","slug":"quienes-somos","status":"publish","type":"page","link":"https:\/\/dcadatravel.com\/en\/quienes-somos\/","title":{"rendered":"Quienes somos"},"content":{"rendered":"<div data-elementor-type=\"wp-page\" data-elementor-id=\"807\" class=\"elementor elementor-807\" data-elementor-post-type=\"page\">\n\t\t\t\t\t\t<section data-particle_enable=\"false\" data-particle-mobile-disabled=\"false\" class=\"elementor-section elementor-top-section elementor-element elementor-element-6eb11fd1 elementor-section-boxed elementor-section-height-default elementor-section-height-default\" data-id=\"6eb11fd1\" data-element_type=\"section\">\n\t\t\t\t\t\t<div class=\"elementor-container elementor-column-gap-default\">\n\t\t\t\t\t<div class=\"elementor-column elementor-col-100 elementor-top-column elementor-element elementor-element-4732643c\" data-id=\"4732643c\" data-element_type=\"column\">\n\t\t\t<div class=\"elementor-widget-wrap elementor-element-populated\">\n\t\t\t\t\t\t<div class=\"elementor-element elementor-element-c702074 elementor-widget elementor-widget-video\" data-id=\"c702074\" data-element_type=\"widget\" data-settings=\"{&quot;youtube_url&quot;:&quot;https:\\\/\\\/www.youtube.com\\\/watch?v=OAPae6VMlso&quot;,&quot;autoplay&quot;:&quot;yes&quot;,&quot;yt_privacy&quot;:&quot;yes&quot;,&quot;lazy_load&quot;:&quot;yes&quot;,&quot;video_type&quot;:&quot;youtube&quot;,&quot;controls&quot;:&quot;yes&quot;}\" data-widget_type=\"video.default\">\n\t\t\t\t<div class=\"elementor-widget-container\">\n\t\t\t\t\t\t\t<div class=\"elementor-wrapper elementor-open-inline\">\n\t\t\t<div class=\"elementor-video\"><\/div>\t\t<\/div>\n\t\t\t\t\t\t<\/div>\n\t\t\t\t<\/div>\n\t\t\t\t\t<\/div>\n\t\t<\/div>\n\t\t\t\t\t<\/div>\n\t\t<\/section>\n\t\t\t\t<section data-particle_enable=\"false\" data-particle-mobile-disabled=\"false\" class=\"elementor-section elementor-top-section elementor-element elementor-element-1e2f5304 elementor-section-boxed elementor-section-height-default elementor-section-height-default\" data-id=\"1e2f5304\" data-element_type=\"section\">\n\t\t\t\t\t\t<div class=\"elementor-container elementor-column-gap-default\">\n\t\t\t\t\t<div class=\"elementor-column elementor-col-100 elementor-top-column elementor-element elementor-element-6aae9b20\" data-id=\"6aae9b20\" data-element_type=\"column\">\n\t\t\t<div class=\"elementor-widget-wrap elementor-element-populated\">\n\t\t\t\t\t\t<div class=\"elementor-element elementor-element-4bbaade elementor-widget elementor-widget-heading\" data-id=\"4bbaade\" data-element_type=\"widget\" data-widget_type=\"heading.default\">\n\t\t\t\t<div class=\"elementor-widget-container\">\n\t\t\t\t\t<h2 class=\"elementor-heading-title elementor-size-default\">Nuestra empresa<\/h2>\t\t\t\t<\/div>\n\t\t\t\t<\/div>\n\t\t\t\t<div class=\"elementor-element elementor-element-214013d elementor-widget elementor-widget-text-editor\" data-id=\"214013d\" data-element_type=\"widget\" data-widget_type=\"text-editor.default\">\n\t\t\t\t<div class=\"elementor-widget-container\">\n\t\t\t\t\t\t\t\t\t<p>Nuestra agencia de viajes se dedica a ofrecer experiencias \u00fanicas y personalizadas para cada tipo de viajero, brindando una atenci\u00f3n cercana y profesional, nos especializamos en organizar viajes a destinos nacionales e internacionales.<\/p><p>Adem\u00e1s de la planificaci\u00f3n de itinerarios a la medida, ofrecemos seguros de viaje para garantizar tu tranquilidad y boletos a\u00e9reos a precios competitivos, garantizando comodidad, seguridad y la mejor relaci\u00f3n calidad-precio.<\/p><p>Ya sea que busques unas vacaciones relajantes, una aventura emocionante o un viaje de negocios, contamos con un equipo de expertos dispuestos a crear el itinerario perfecto adaptado a tus intereses y necesidades.<\/p><p>Conf\u00eda en nosotros para hacer realidad tus sue\u00f1os de viaje con un servicio profesional y cercano.<\/p>\t\t\t\t\t\t\t\t<\/div>\n\t\t\t\t<\/div>\n\t\t\t\t\t<\/div>\n\t\t<\/div>\n\t\t\t\t\t<\/div>\n\t\t<\/section>\n\t\t\t\t<section data-particle_enable=\"false\" data-particle-mobile-disabled=\"false\" class=\"elementor-section elementor-top-section elementor-element elementor-element-6a5a94e3 elementor-section-boxed elementor-section-height-default elementor-section-height-default\" data-id=\"6a5a94e3\" data-element_type=\"section\">\n\t\t\t\t\t\t<div class=\"elementor-container elementor-column-gap-default\">\n\t\t\t\t\t<div class=\"elementor-column elementor-col-50 elementor-top-column elementor-element elementor-element-52410987\" data-id=\"52410987\" data-element_type=\"column\">\n\t\t\t<div class=\"elementor-widget-wrap elementor-element-populated\">\n\t\t\t\t\t\t<div class=\"elementor-element elementor-element-54e053c2 elementor-widget elementor-widget-heading\" data-id=\"54e053c2\" data-element_type=\"widget\" data-widget_type=\"heading.default\">\n\t\t\t\t<div class=\"elementor-widget-container\">\n\t\t\t\t\t<h2 class=\"elementor-heading-title elementor-size-default\">Nuestra misi\u00f3n<\/h2>\t\t\t\t<\/div>\n\t\t\t\t<\/div>\n\t\t\t\t<div class=\"elementor-element elementor-element-c8b74bf elementor-widget elementor-widget-text-editor\" data-id=\"c8b74bf\" data-element_type=\"widget\" data-widget_type=\"text-editor.default\">\n\t\t\t\t<div class=\"elementor-widget-container\">\n\t\t\t\t\t\t\t\t\t<p>Nuestra agencia de viajes se especializa en ofrecer experiencias de alta calidad a destinos \u00fanicos y fascinantes alrededor del mundo.<\/p><p>Contamos con una amplia variedad de tours a destinos ex\u00f3ticos en el Medio Oriente, como Egipto, Turqu\u00eda, Dub\u00e1i\u2026etc, donde nuestros clientes pueden explorar culturas milenarias y maravillas hist\u00f3ricas.<\/p><p>Adem\u00e1s, ofrecemos emocionantes tours por Europa, permitiendo a los viajeros descubrir la rica historia, arquitectura y paisajes impresionantes del continente.<\/p><p>Tambi\u00e9n contamos con recorridos por Am\u00e9rica Latina, donde nuestros clientes pueden disfrutar de la diversidad cultural, natural y gastron\u00f3mica de la regi\u00f3n.<\/p><p>Nuestro compromiso es brindar a cada cliente una experiencia de viaje inolvidable, con un enfoque en la calidad del servicio, el confort y la satisfacci\u00f3n total durante su aventura.<\/p>\t\t\t\t\t\t\t\t<\/div>\n\t\t\t\t<\/div>\n\t\t\t\t\t<\/div>\n\t\t<\/div>\n\t\t\t\t<div class=\"elementor-column elementor-col-50 elementor-top-column elementor-element elementor-element-3acbe6d7\" data-id=\"3acbe6d7\" data-element_type=\"column\">\n\t\t\t<div class=\"elementor-widget-wrap elementor-element-populated\">\n\t\t\t\t\t\t<div class=\"elementor-element elementor-element-5c6b690d elementor-widget elementor-widget-heading\" data-id=\"5c6b690d\" data-element_type=\"widget\" data-widget_type=\"heading.default\">\n\t\t\t\t<div class=\"elementor-widget-container\">\n\t\t\t\t\t<h2 class=\"elementor-heading-title elementor-size-default\">Nuestra visi\u00f3n<\/h2>\t\t\t\t<\/div>\n\t\t\t\t<\/div>\n\t\t\t\t<div class=\"elementor-element elementor-element-b240bdb elementor-widget elementor-widget-text-editor\" data-id=\"b240bdb\" data-element_type=\"widget\" data-widget_type=\"text-editor.default\">\n\t\t\t\t<div class=\"elementor-widget-container\">\n\t\t\t\t\t\t\t\t\t<p>Nuestra visi\u00f3n es convertirnos en una de las agencias de viajes m\u00e1s destacadas de Ecuador y Am\u00e9rica Latina, reconocida por ofrecer experiencias de viaje excepcionales, innovadoras y de alta calidad.<\/p><p>Queremos ser el referente en el sector tur\u00edstico, proporcionando a nuestros clientes aventuras inolvidables y superando sus expectativas en cada destino.<\/p>\t\t\t\t\t\t\t\t<\/div>\n\t\t\t\t<\/div>\n\t\t\t\t\t<\/div>\n\t\t<\/div>\n\t\t\t\t\t<\/div>\n\t\t<\/section>\n\t\t\t\t<section data-particle_enable=\"false\" data-particle-mobile-disabled=\"false\" class=\"elementor-section elementor-top-section elementor-element elementor-element-3f140f7e elementor-hidden-widescreen elementor-hidden-desktop elementor-hidden-laptop elementor-hidden-tablet_extra elementor-hidden-tablet elementor-hidden-mobile elementor-section-boxed elementor-section-height-default elementor-section-height-default\" data-id=\"3f140f7e\" data-element_type=\"section\" data-settings=\"{&quot;background_background&quot;:&quot;classic&quot;}\">\n\t\t\t\t\t\t<div class=\"elementor-container elementor-column-gap-default\">\n\t\t\t\t\t<div class=\"elementor-column elementor-col-100 elementor-top-column elementor-element elementor-element-19e07eda\" data-id=\"19e07eda\" data-element_type=\"column\">\n\t\t\t<div class=\"elementor-widget-wrap elementor-element-populated\">\n\t\t\t\t\t\t<div class=\"elementor-element elementor-element-393379d9 elementor-widget elementor-widget-heading\" data-id=\"393379d9\" data-element_type=\"widget\" data-widget_type=\"heading.default\">\n\t\t\t\t<div class=\"elementor-widget-container\">\n\t\t\t\t\t<h2 class=\"elementor-heading-title elementor-size-default\">What our clients say<\/h2>\t\t\t\t<\/div>\n\t\t\t\t<\/div>\n\t\t\t\t<div class=\"elementor-element elementor-element-5284cf5f elementor-widget elementor-widget-st_testimonial\" data-id=\"5284cf5f\" data-element_type=\"widget\" data-settings=\"{&quot;slides_per_view&quot;:&quot;2&quot;}\" data-widget_type=\"st_testimonial.default\">\n\t\t\t\t<div class=\"elementor-widget-container\">\n\t\t\t\t\t<div class=\"st-testimonial-modern-slider\">\r\n    <div class=\"st-testimonial\" data-effect=\"creative\" data-slides-per-view=\"2\" data-pagination=\"on\" data-navigation=\"on\" data-auto-play=\"off\" data-loop=\"true\" data-delay=\"\">\r\n        <div class=\"service-testimonial-wrapper swiper-container\"><div class=\"swiper-wrapper\">\r\n                            <div class=\"swiper-slide\">\r\n                    <div class=\"item\">\r\n\r\n                        \r\n                        <p class=\"st-content st-content-lib\">\r\n                            \u201cLorem ipsum dolor sit amet, consectetur adipiscing elit. Massa amet condimentum in pretium. Montes tristique amet pellentesque ut fames condimentum.\u201d                        <\/p>\r\n                        <div class=\"author-meta author-meta-lib\">\r\n                                                                    <i class=\"review-testimonial stt-icon-star1\"><\/i>\r\n                                                                            <i class=\"review-testimonial stt-icon-star1\"><\/i>\r\n                                                                            <i class=\"review-testimonial stt-icon-star1\"><\/i>\r\n                                                                            <i class=\"review-testimonial stt-icon-star1\"><\/i>\r\n                                                                            <i class=\"review-testimonial stt-icon-star1\"><\/i>\r\n                                                                                                    <h4 class=\"name\">Darlene Robertson<\/h4>\r\n                                \r\n                                                                <p class=\"office-testimonial office-testimonial-lib\">Customers in U.S.A<\/p>\r\n                                \r\n                        <\/div>\r\n                    <\/div>\r\n                <\/div>\r\n                            <div class=\"swiper-slide\">\r\n                    <div class=\"item\">\r\n\r\n                        \r\n                        <p class=\"st-content st-content-lib\">\r\n                            \u201cLorem ipsum dolor sit amet, consectetur adipiscing elit. Massa amet condimentum in pretium. Montes tristique amet pellentesque ut fames condimentum.\u201d                        <\/p>\r\n                        <div class=\"author-meta author-meta-lib\">\r\n                                                                    <i class=\"review-testimonial stt-icon-star1\"><\/i>\r\n                                                                            <i class=\"review-testimonial stt-icon-star1\"><\/i>\r\n                                                                            <i class=\"review-testimonial stt-icon-star1\"><\/i>\r\n                                                                            <i class=\"review-testimonial stt-icon-star1\"><\/i>\r\n                                                                            <i class=\"review-testimonial stt-icon-star1\"><\/i>\r\n                                                                                                    <h4 class=\"name\">Darlene Robertson<\/h4>\r\n                                \r\n                                                                <p class=\"office-testimonial office-testimonial-lib\">Customers in U.S.A<\/p>\r\n                                \r\n                        <\/div>\r\n                    <\/div>\r\n                <\/div>\r\n                            <div class=\"swiper-slide\">\r\n                    <div class=\"item\">\r\n\r\n                        \r\n                        <p class=\"st-content st-content-lib\">\r\n                            \u201cLorem ipsum dolor sit amet, consectetur adipiscing elit. Massa amet condimentum in pretium. Montes tristique amet pellentesque ut fames condimentum.\u201d                        <\/p>\r\n                        <div class=\"author-meta author-meta-lib\">\r\n                                                                    <i class=\"review-testimonial stt-icon-star1\"><\/i>\r\n                                                                            <i class=\"review-testimonial stt-icon-star1\"><\/i>\r\n                                                                            <i class=\"review-testimonial stt-icon-star1\"><\/i>\r\n                                                                            <i class=\"review-testimonial stt-icon-star1\"><\/i>\r\n                                                                            <i class=\"review-testimonial stt-icon-star1\"><\/i>\r\n                                                                                                    <h4 class=\"name\">Darlene Robertson<\/h4>\r\n                                \r\n                                                                <p class=\"office-testimonial office-testimonial-lib\">Customers in U.S.A<\/p>\r\n                                \r\n                        <\/div>\r\n                    <\/div>\r\n                <\/div>\r\n                            <div class=\"swiper-slide\">\r\n                    <div class=\"item\">\r\n\r\n                        \r\n                        <p class=\"st-content st-content-lib\">\r\n                            \u201cLorem ipsum dolor sit amet, consectetur adipiscing elit. Massa amet condimentum in pretium. Montes tristique amet pellentesque ut fames condimentum.\u201d                        <\/p>\r\n                        <div class=\"author-meta author-meta-lib\">\r\n                                                                    <i class=\"review-testimonial stt-icon-star1\"><\/i>\r\n                                                                            <i class=\"review-testimonial stt-icon-star1\"><\/i>\r\n                                                                            <i class=\"review-testimonial stt-icon-star1\"><\/i>\r\n                                                                            <i class=\"review-testimonial stt-icon-star1\"><\/i>\r\n                                                                            <i class=\"review-testimonial stt-icon-star1\"><\/i>\r\n                                                                                                    <h4 class=\"name\">Darlene Robertson<\/h4>\r\n                                \r\n                                                                <p class=\"office-testimonial office-testimonial-lib\">Customers in U.S.A<\/p>\r\n                                \r\n                        <\/div>\r\n                    <\/div>\r\n                <\/div>\r\n                    <\/div>\r\n\t\t\t\t<div class=\"swiper-pagination\"><\/div>\r\n\t\t\t\t\t<div class=\"st-button-prev\"><span class=\"stt-icon stt-icon-arrow-left\"><\/span><\/div><div class=\"st-button-next\"><span class=\"stt-icon stt-icon-arrow-right\"><\/span><\/div>\r\n\t\t    <\/div>\r\n<\/div>\r\n\r\n\r\n\t\t\t\t<\/div>\n\t\t\t\t<\/div>\n\t\t\t\t\t<\/div>\n\t\t<\/div>\n\t\t\t\t\t<\/div>\n\t\t<\/section>\n\t\t\t\t<\/div>","protected":false},"excerpt":{"rendered":"<p>Nuestra empresa Nuestra agencia de viajes se dedica a ofrecer experiencias \u00fanicas y personalizadas para cada tipo de viajero, brindando una atenci\u00f3n cercana y profesional, nos especializamos en organizar viajes a destinos nacionales e internacionales. Adem\u00e1s de la planificaci\u00f3n de itinerarios a la medida, ofrecemos seguros de viaje para garantizar tu tranquilidad y boletos a\u00e9reos [&hellip;]<\/p>","protected":false},"author":1,"featured_media":489,"parent":0,"menu_order":0,"comment_status":"closed","ping_status":"closed","template":"template-blank.php","meta":{"footnotes":""},"class_list":["post-807","page","type-page","status-publish","has-post-thumbnail","hentry"],"yoast_head":"<!-- This site is optimized with the Yoast SEO plugin v24.3 - https:\/\/yoast.com\/wordpress\/plugins\/seo\/ -->\n<title>Quienes somos - D&#039;cada Travel<\/title>\n<meta name=\"description\" content=\"D&#039;cada Travel es una agencia de viajes que se dedica a ofrecer experiencias \u00fanicas y personalizadas para cada tipo de viajero, brindando una atenci\u00f3n cercana y profesional.\" \/>\n<meta name=\"robots\" content=\"index, follow, max-snippet:-1, max-image-preview:large, max-video-preview:-1\" \/>\n<link rel=\"canonical\" href=\"https:\/\/dcadatravel.com\/en\/quienes-somos\/\" \/>\n<meta property=\"og:locale\" content=\"en_US\" \/>\n<meta property=\"og:type\" content=\"article\" \/>\n<meta property=\"og:title\" content=\"Quienes somos - D&#039;cada Travel\" \/>\n<meta property=\"og:description\" content=\"D&#039;cada Travel es una agencia de viajes que se dedica a ofrecer experiencias \u00fanicas y personalizadas para cada tipo de viajero, brindando una atenci\u00f3n cercana y profesional.\" \/>\n<meta property=\"og:url\" content=\"https:\/\/dcadatravel.com\/en\/quienes-somos\/\" \/>\n<meta property=\"og:site_name\" content=\"D&#039;cada Travel\" \/>\n<meta property=\"article:modified_time\" content=\"2025-01-09T00:36:40+00:00\" \/>\n<meta property=\"og:image\" content=\"https:\/\/dcadatravel.com\/wp-content\/uploads\/2022\/04\/logo-dcada-Travel-300x194-1.png\" \/>\n\t<meta property=\"og:image:width\" content=\"300\" \/>\n\t<meta property=\"og:image:height\" content=\"194\" \/>\n\t<meta property=\"og:image:type\" content=\"image\/png\" \/>\n<meta name=\"twitter:card\" content=\"summary_large_image\" \/>\n<meta name=\"twitter:label1\" content=\"Est. reading time\" \/>\n\t<meta name=\"twitter:data1\" content=\"3 minutes\" \/>\n<script type=\"application\/ld+json\" class=\"yoast-schema-graph\">{\"@context\":\"https:\/\/schema.org\",\"@graph\":[{\"@type\":\"WebPage\",\"@id\":\"https:\/\/dcadatravel.com\/quienes-somos\/\",\"url\":\"https:\/\/dcadatravel.com\/quienes-somos\/\",\"name\":\"Quienes somos - D&#039;cada Travel\",\"isPartOf\":{\"@id\":\"https:\/\/dcadatravel.com\/#website\"},\"primaryImageOfPage\":{\"@id\":\"https:\/\/dcadatravel.com\/quienes-somos\/#primaryimage\"},\"image\":{\"@id\":\"https:\/\/dcadatravel.com\/quienes-somos\/#primaryimage\"},\"thumbnailUrl\":\"https:\/\/placehold.co\/600x400\",\"datePublished\":\"2022-04-16T23:51:28+00:00\",\"dateModified\":\"2025-01-09T00:36:40+00:00\",\"description\":\"D'cada Travel es una agencia de viajes que se dedica a ofrecer experiencias \u00fanicas y personalizadas para cada tipo de viajero, brindando una atenci\u00f3n cercana y profesional.\",\"breadcrumb\":{\"@id\":\"https:\/\/dcadatravel.com\/quienes-somos\/#breadcrumb\"},\"inLanguage\":\"en-US\",\"potentialAction\":[{\"@type\":\"ReadAction\",\"target\":[\"https:\/\/dcadatravel.com\/quienes-somos\/\"]}]},{\"@type\":\"ImageObject\",\"inLanguage\":\"en-US\",\"@id\":\"https:\/\/dcadatravel.com\/quienes-somos\/#primaryimage\",\"url\":\"https:\/\/placehold.co\/600x400\",\"contentUrl\":\"https:\/\/placehold.co\/600x400\"},{\"@type\":\"BreadcrumbList\",\"@id\":\"https:\/\/dcadatravel.com\/quienes-somos\/#breadcrumb\",\"itemListElement\":[{\"@type\":\"ListItem\",\"position\":1,\"name\":\"Home\",\"item\":\"https:\/\/dcadatravel.com\/\"},{\"@type\":\"ListItem\",\"position\":2,\"name\":\"Quienes somos\"}]},{\"@type\":\"WebSite\",\"@id\":\"https:\/\/dcadatravel.com\/#website\",\"url\":\"https:\/\/dcadatravel.com\/\",\"name\":\"D&#039;cada Travel\",\"description\":\"Viaja sin limites\",\"publisher\":{\"@id\":\"https:\/\/dcadatravel.com\/#organization\"},\"potentialAction\":[{\"@type\":\"SearchAction\",\"target\":{\"@type\":\"EntryPoint\",\"urlTemplate\":\"https:\/\/dcadatravel.com\/?s={search_term_string}\"},\"query-input\":{\"@type\":\"PropertyValueSpecification\",\"valueRequired\":true,\"valueName\":\"search_term_string\"}}],\"inLanguage\":\"en-US\"},{\"@type\":\"Organization\",\"@id\":\"https:\/\/dcadatravel.com\/#organization\",\"name\":\"D Cada Travel\",\"alternateName\":\"D'cada Travel\",\"url\":\"https:\/\/dcadatravel.com\/\",\"logo\":{\"@type\":\"ImageObject\",\"inLanguage\":\"en-US\",\"@id\":\"https:\/\/dcadatravel.com\/#\/schema\/logo\/image\/\",\"url\":\"https:\/\/dcadatravel.com\/wp-content\/uploads\/2022\/04\/logo-dcada-Travel-300x194-1.png\",\"contentUrl\":\"https:\/\/dcadatravel.com\/wp-content\/uploads\/2022\/04\/logo-dcada-Travel-300x194-1.png\",\"width\":300,\"height\":194,\"caption\":\"D Cada Travel\"},\"image\":{\"@id\":\"https:\/\/dcadatravel.com\/#\/schema\/logo\/image\/\"}}]}<\/script>\n<!-- \/ Yoast SEO plugin. -->","yoast_head_json":{"title":"Quienes somos - D&#039;cada Travel","description":"D'cada Travel es una agencia de viajes que se dedica a ofrecer experiencias \u00fanicas y personalizadas para cada tipo de viajero, brindando una atenci\u00f3n cercana y profesional.","robots":{"index":"index","follow":"follow","max-snippet":"max-snippet:-1","max-image-preview":"max-image-preview:large","max-video-preview":"max-video-preview:-1"},"canonical":"https:\/\/dcadatravel.com\/en\/quienes-somos\/","og_locale":"en_US","og_type":"article","og_title":"Quienes somos - D&#039;cada Travel","og_description":"D'cada Travel es una agencia de viajes que se dedica a ofrecer experiencias \u00fanicas y personalizadas para cada tipo de viajero, brindando una atenci\u00f3n cercana y profesional.","og_url":"https:\/\/dcadatravel.com\/en\/quienes-somos\/","og_site_name":"D&#039;cada Travel","article_modified_time":"2025-01-09T00:36:40+00:00","og_image":[{"width":300,"height":194,"url":"https:\/\/dcadatravel.com\/wp-content\/uploads\/2022\/04\/logo-dcada-Travel-300x194-1.png","type":"image\/png"}],"twitter_card":"summary_large_image","twitter_misc":{"Est. reading time":"3 minutes"},"schema":{"@context":"https:\/\/schema.org","@graph":[{"@type":"WebPage","@id":"https:\/\/dcadatravel.com\/quienes-somos\/","url":"https:\/\/dcadatravel.com\/quienes-somos\/","name":"Quienes somos - D&#039;cada Travel","isPartOf":{"@id":"https:\/\/dcadatravel.com\/#website"},"primaryImageOfPage":{"@id":"https:\/\/dcadatravel.com\/quienes-somos\/#primaryimage"},"image":{"@id":"https:\/\/dcadatravel.com\/quienes-somos\/#primaryimage"},"thumbnailUrl":"https:\/\/placehold.co\/600x400","datePublished":"2022-04-16T23:51:28+00:00","dateModified":"2025-01-09T00:36:40+00:00","description":"D'cada Travel es una agencia de viajes que se dedica a ofrecer experiencias \u00fanicas y personalizadas para cada tipo de viajero, brindando una atenci\u00f3n cercana y profesional.","breadcrumb":{"@id":"https:\/\/dcadatravel.com\/quienes-somos\/#breadcrumb"},"inLanguage":"en-US","potentialAction":[{"@type":"ReadAction","target":["https:\/\/dcadatravel.com\/quienes-somos\/"]}]},{"@type":"ImageObject","inLanguage":"en-US","@id":"https:\/\/dcadatravel.com\/quienes-somos\/#primaryimage","url":"https:\/\/placehold.co\/600x400","contentUrl":"https:\/\/placehold.co\/600x400"},{"@type":"BreadcrumbList","@id":"https:\/\/dcadatravel.com\/quienes-somos\/#breadcrumb","itemListElement":[{"@type":"ListItem","position":1,"name":"Home","item":"https:\/\/dcadatravel.com\/"},{"@type":"ListItem","position":2,"name":"Quienes somos"}]},{"@type":"WebSite","@id":"https:\/\/dcadatravel.com\/#website","url":"https:\/\/dcadatravel.com\/","name":"D&#039;cada Travel","description":"Viaja sin limites","publisher":{"@id":"https:\/\/dcadatravel.com\/#organization"},"potentialAction":[{"@type":"SearchAction","target":{"@type":"EntryPoint","urlTemplate":"https:\/\/dcadatravel.com\/?s={search_term_string}"},"query-input":{"@type":"PropertyValueSpecification","valueRequired":true,"valueName":"search_term_string"}}],"inLanguage":"en-US"},{"@type":"Organization","@id":"https:\/\/dcadatravel.com\/#organization","name":"D Cada Travel","alternateName":"D'cada Travel","url":"https:\/\/dcadatravel.com\/","logo":{"@type":"ImageObject","inLanguage":"en-US","@id":"https:\/\/dcadatravel.com\/#\/schema\/logo\/image\/","url":"https:\/\/dcadatravel.com\/wp-content\/uploads\/2022\/04\/logo-dcada-Travel-300x194-1.png","contentUrl":"https:\/\/dcadatravel.com\/wp-content\/uploads\/2022\/04\/logo-dcada-Travel-300x194-1.png","width":300,"height":194,"caption":"D Cada Travel"},"image":{"@id":"https:\/\/dcadatravel.com\/#\/schema\/logo\/image\/"}}]}},"_links":{"self":[{"href":"https:\/\/dcadatravel.com\/en\/wp-json\/wp\/v2\/pages\/807","targetHints":{"allow":["GET"]}}],"collection":[{"href":"https:\/\/dcadatravel.com\/en\/wp-json\/wp\/v2\/pages"}],"about":[{"href":"https:\/\/dcadatravel.com\/en\/wp-json\/wp\/v2\/types\/page"}],"author":[{"embeddable":true,"href":"https:\/\/dcadatravel.com\/en\/wp-json\/wp\/v2\/users\/1"}],"replies":[{"embeddable":true,"href":"https:\/\/dcadatravel.com\/en\/wp-json\/wp\/v2\/comments?post=807"}],"version-history":[{"count":40,"href":"https:\/\/dcadatravel.com\/en\/wp-json\/wp\/v2\/pages\/807\/revisions"}],"predecessor-version":[{"id":15086,"href":"https:\/\/dcadatravel.com\/en\/wp-json\/wp\/v2\/pages\/807\/revisions\/15086"}],"wp:featuredmedia":[{"embeddable":true,"href":"https:\/\/dcadatravel.com\/en\/wp-json\/"}],"wp:attachment":[{"href":"https:\/\/dcadatravel.com\/en\/wp-json\/wp\/v2\/media?parent=807"}],"curies":[{"name":"wp","href":"https:\/\/api.w.org\/{rel}","templated":true}]}}